{"id":1977,"date":"2020-06-28T19:15:13","date_gmt":"2020-06-28T19:15:13","guid":{"rendered":"http:\/\/redhost:8888\/amaya\/?page_id=1977"},"modified":"2026-01-27T15:35:59","modified_gmt":"2026-01-27T14:35:59","slug":"accueil","status":"publish","type":"page","link":"https:\/\/iconetorrefacteur.com\/","title":{"rendered":"ACCUEIL"},"content":{"rendered":"\n<div class=\"wp-block-columns alignfull are-vertically-aligned-top is-layout-flex wp-container-core-columns-is-layout-9d6595d7 wp-block-columns-is-layout-flex\">\n<div class=\"wp-block-column is-vertically-aligned-top is-layout-flow wp-block-column-is-layout-flow\" style=\"flex-basis:100%\">\n<figure class=\"wp-block-image alignfull size-large\"><img fetchpriority=\"high\" decoding=\"async\" width=\"1024\" height=\"579\" src=\"http:\/\/iconetorrefacteur.com\/wp-content\/uploads\/2020\/12\/coffeebean-hero-beans-2-1024x579.jpg\" alt=\"\" class=\"wp-image-3814\" srcset=\"https:\/\/iconetorrefacteur.com\/wp-content\/uploads\/2020\/12\/coffeebean-hero-beans-2-1024x579.jpg 1024w, https:\/\/iconetorrefacteur.com\/wp-content\/uploads\/2020\/12\/coffeebean-hero-beans-2-600x339.jpg 600w, https:\/\/iconetorrefacteur.com\/wp-content\/uploads\/2020\/12\/coffeebean-hero-beans-2-1200x678.jpg 1200w, https:\/\/iconetorrefacteur.com\/wp-content\/uploads\/2020\/12\/coffeebean-hero-beans-2-300x169.jpg 300w, https:\/\/iconetorrefacteur.com\/wp-content\/uploads\/2020\/12\/coffeebean-hero-beans-2-768x434.jpg 768w, https:\/\/iconetorrefacteur.com\/wp-content\/uploads\/2020\/12\/coffeebean-hero-beans-2-1536x868.jpg 1536w, https:\/\/iconetorrefacteur.com\/wp-content\/uploads\/2020\/12\/coffeebean-hero-beans-2-2048x1157.jpg 2048w, https:\/\/iconetorrefacteur.com\/wp-content\/uploads\/2020\/12\/coffeebean-hero-beans-2-1600x904.jpg 1600w, https:\/\/iconetorrefacteur.com\/wp-content\/uploads\/2020\/12\/coffeebean-hero-beans-2-800x452.jpg 800w, https:\/\/iconetorrefacteur.com\/wp-content\/uploads\/2020\/12\/coffeebean-hero-beans-2-560x316.jpg 560w\" sizes=\"(max-width: 1024px) 100vw, 1024px\" \/><\/figure>\n<\/div>\n<\/div>\n\n\n\n<figure class=\"wp-block-pullquote has-border-color has-vivid-red-border-color\" style=\"border-width:32px;border-top-left-radius:0px;border-top-right-radius:0px;border-bottom-left-radius:0px;border-bottom-right-radius:0px\"><blockquote><p><strong>CHEZ ICONE, CHAQUE GRAIN COMPTE !<\/strong><\/p><cite>S\u00c9LECTIONN\u00c9S AVEC SOIN DIRECTEMENT AUPR\u00c8S DES PRODUCTEURS ET IMPORTATEURS, <br>NOS CAF\u00c9S SONT TRA\u00c7ABLES JUSQU\u2019\u00c0 LA PARCELLE ET ISSUS D\u2019UNE AGRICULTURE RAISONN\u00c9E OU BIOLOGIQUE.<br><br>LE CAF\u00c9, C\u2019EST AVANT TOUT UN PRODUIT VIVANT, INFLUENC\u00c9 PAR SON TERROIR: CLIMAT, ALTITUDE, SOL, OMBRAGE&#8230;<br><br>C\u2019EST POURQUOI NOTRE GAMME \u00c9VOLUE AU FIL DES SAISONS ET DES R\u00c9COLTES<br>POUR VOUS OFFRIR LE MEILLEUR,<br>TOUTE L\u2019ANN\u00c9E.<\/cite><\/blockquote><\/figure>\n\n\n\n<div class=\"wp-block-group alignwide is-vertical is-layout-flex wp-container-core-group-is-layout-8cf370e7 wp-block-group-is-layout-flex\"><\/div>\n\n\n\n<div style=\"height:56px\" aria-hidden=\"true\" class=\"wp-block-spacer\"><\/div>\n\n\n\n\t<section id=\"contentboxes-mb-block-51a74499-9f89-4a7b-b402-59e611d89fe0\" class=\"section section-contentboxes  alignwide \">\n\n\t\t<div class=\"contentboxes-wrap twentyfour\">\n\t\t\t\t\t<div class=\"contentboxes-masonry \">\n\n\t\t\t\t<div class=\"grid-sizer-contentboxes\"><\/div>\n\n\t\t\t\t\n\t\t\t\t<div class=\"content-box-3785 contentboxes-image-wrap bg-image one-third-width one-and-a-half-height content-white no-vertical-text has-content  \"  data-aos=\"fade-up\" data-aos-delay=\"100\"  >\n\n\t\t\t\t\t<div class=\"contentboxes-image-wrap-inner\">\n\n\t\t\t\t\t\n\t\t\t\t\t\t<div class=\"contentboxes-zoom-wrap \">\n\t\t\t\t\t\t\n\t\t\t\t\t\t\t\t\t\t\t\t\t<div class=\"contentboxbgimage\" style=\"background-image: url(https:\/\/iconetorrefacteur.com\/wp-content\/uploads\/2020\/12\/coffeebean-latte-art-1.jpg);\"><\/div> \n\t\t\t\t\t\t\t\t\t\t\t\t<div class=\"contentbox-overlay   gradient-contentboxes-content-bottom\" >\n\t\t\t\t\t\t\n\t\t\t\t\t\t\t<div class=\"contentboxes-content-wrap centered-content contentboxes-content-left contentboxes-content-bottom\"  >\n\n\t\t\t\t\t\t\t\t\t\t\t\t\t\t\t\t<div class=\"contentboxes-content section-content\">\n\t\t\t\t\t\t\t\t\t\t\t\t\t\t\t\t\t\t\t\t\t\t\t\t\t\t\t\t<div class=\"contentboxes-content-item contentboxes-subtitle subtitle-above use-body-font\"  data-aos=\"fade-down\" data-aos-delay=\"100\"  >ATELIER<\/div>\n\t\t\t\t\t\t\t\t\t\t\t\t\t\t\t\t\t\t\t\t\t\t\t\t\t                \t<h3 class=\"contentboxes-content-item contentboxes-title\"  data-aos=\"slide-up\"  >INITIATION<BR>LATTE ART\r\n<\/h3>\n\t\t\t\t\t\t\t                \t\t\t\t\t\t\t                \t\t\t\t\t\t\t                \t\t\t\t\t\t\t                \t\t\t\t\t\t\t                \t<div class=\"contentboxes-content-item contentboxes-button-wrap\">\n\t\t\t\t\t\t\t\t\t\t\t<a href=\"https:\/\/www.amayatheme.redsun.design\/roastery\/professional-latte-art-class\/\" class=\"contentboxes-button button  a9a9ac  content-white\"  data-aos=\"fade-up\" data-aos-delay=\"380\"  >\n\t\t\t\t\t\t\t\t\t\t\tS&#8217;INSCRIRE\t\t\t\t\t\t\t\t\t\t\t<\/a>\n\t\t\t\t\t\t\t\t\t\t<\/div>\n\t\t\t\t\t\t\t                \t\t\t\t\t\t        \t<\/div>\n\t\t\t\t\t\t        \t\n\t\t\t\t\t\t\t\t\t\t\t\t\t\t<\/div>\n\t\t\t\t\t\t\t\t\t\t\t\t\t\n\t\t\t\t\t\t<\/div>\n\t\t\t\t\t<\/div>\n\t\t\t\t\t<\/div>\n\n\t\t\t\t\t\t   \t \n\t\t\t\t<\/div>\n\t\t\t\t\t\n\t\t\t\n\t\t\t\t<div class=\"content-box- contentboxes-image-wrap bg-video one-third-width one-and-a-half-height content-white no-vertical-text has-content  \"  data-aos=\"fade-up\" data-aos-delay=\"200\"  >\n\n\t\t\t\t\t<div class=\"contentboxes-image-wrap-inner\">\n\n\t\t\t\t\t\n\t\t\t\t\t\t<div class=\"contentboxes-zoom-wrap \">\n\t\t\t\t\t\t\n\t\t\t\t\t\t\t\t\t\t\t\t    \t\t<video autoplay muted loop class=\"contentboxbgvideo\" src=\"https:\/\/iconetorrefacteur.com\/wp-content\/uploads\/2021\/02\/amaya-video-1-xs.mp4\"><\/video>\n\t\t\t\t\t\t\t\t\n\t\t\t\t\t\t\t\t\t\t\t\t<div class=\"contentbox-overlay dark  gradient-contentboxes-content-bottom\" >\n\t\t\t\t\t\t\n\t\t\t\t\t\t\t<div class=\"contentboxes-content-wrap centered-content contentboxes-content-left contentboxes-content-bottom\"  >\n\n\t\t\t\t\t\t\t\t\t\t\t\t\t\t\t\t<div class=\"contentboxes-content section-content\">\n\t\t\t\t\t\t\t\t\t\t\t\t\t\t\t\t\t\t\t\t\t\t\t\t\t\t\t\t<div class=\"contentboxes-content-item contentboxes-subtitle subtitle-above use-body-font\"  data-aos=\"fade-down\" data-aos-delay=\"100\"  >VOUS \u00caTES PROFESSIONNEL ?<\/div>\n\t\t\t\t\t\t\t\t\t\t\t\t\t\t\t\t\t\t\t\t\t\t\t\t\t                \t<h3 class=\"contentboxes-content-item contentboxes-title\"  data-aos=\"slide-up\"  >TRAVAILLONS ENSEMBLE !<\/h3>\n\t\t\t\t\t\t\t                \t\t\t\t\t\t\t                \t\t\t\t\t\t\t                \t\t\t\t\t\t\t                \t\t\t\t\t\t\t                \t<div class=\"contentboxes-content-item contentboxes-button-wrap\">\n\t\t\t\t\t\t\t\t\t\t\t<a href=\"https:\/\/iconetorrefacteur.com\/index.php\/wholesale\/\" class=\"contentboxes-button button  a9a9ac  content-white\"  data-aos=\"fade-up\" data-aos-delay=\"380\"  >\n\t\t\t\t\t\t\t\t\t\t\tCONTACT\t\t\t\t\t\t\t\t\t\t\t<\/a>\n\t\t\t\t\t\t\t\t\t\t<\/div>\n\t\t\t\t\t\t\t                \t\t\t\t\t\t        \t<\/div>\n\t\t\t\t\t\t        \t\n\t\t\t\t\t\t\t\t\t\t\t\t\t\t<\/div>\n\t\t\t\t\t\t\t\t\t\t\t\t\t\n\t\t\t\t\t\t<\/div>\n\t\t\t\t\t<\/div>\n\t\t\t\t\t<\/div>\n\n\t\t\t\t\t\t   \t \n\t\t\t\t<\/div>\n\t\t\t\t\t\n\t\t\t\n\t\t\t\t<div class=\"content-box-3796 contentboxes-image-wrap bg-image one-third-width one-and-a-half-height content-white no-vertical-text has-content  \"  data-aos=\"fade-up\" data-aos-delay=\"300\"  >\n\n\t\t\t\t\t<div class=\"contentboxes-image-wrap-inner\">\n\n\t\t\t\t\t\n\t\t\t\t\t\t<div class=\"contentboxes-zoom-wrap \">\n\t\t\t\t\t\t\n\t\t\t\t\t\t\t\t\t\t\t\t\t<div class=\"contentboxbgimage\" style=\"background-image: url(https:\/\/iconetorrefacteur.com\/wp-content\/uploads\/2020\/12\/coffeebean-01.jpg);\"><\/div> \n\t\t\t\t\t\t\t\t\t\t\t\t<div class=\"contentbox-overlay dark  gradient-contentboxes-content-bottom\" >\n\t\t\t\t\t\t\n\t\t\t\t\t\t\t<div class=\"contentboxes-content-wrap centered-content contentboxes-content-left contentboxes-content-bottom\"  >\n\n\t\t\t\t\t\t\t\t\t\t\t\t\t\t\t\t<div class=\"contentboxes-content section-content\">\n\t\t\t\t\t\t\t\t\t\t\t\t\t\t\t\t\t\t\t\t\t\t\t\t\t\t\t\t<div class=\"contentboxes-content-item contentboxes-subtitle subtitle-above use-body-font\"  data-aos=\"fade-down\" data-aos-delay=\"100\"  >ARTICLE<\/div>\n\t\t\t\t\t\t\t\t\t\t\t\t\t\t\t\t\t\t\t\t\t\t\t\t\t                \t<h5 class=\"contentboxes-content-item contentboxes-title\"  data-aos=\"slide-up\"  >RENCONTRER UNE FAMILLE D&#8217;AGRICULTEUR DANS LES MONTAGNES DU P\u00c9ROU. <\/h5>\n\t\t\t\t\t\t\t                \t\t\t\t\t\t\t                \t\t\t\t\t\t\t                \t\t\t\t\t\t\t                \t\t\t\t\t\t\t                \t<div class=\"contentboxes-content-item contentboxes-button-wrap\">\n\t\t\t\t\t\t\t\t\t\t\t<a href=\"https:\/\/www.amayatheme.redsun.design\/roastery\/meeting-a-farmer-family-in-the-mountains-of-peru\/\" class=\"contentboxes-button button  a9a9ac  content-white\"  data-aos=\"fade-up\" data-aos-delay=\"380\"  >\n\t\t\t\t\t\t\t\t\t\t\tEN SAVOIR PLUS\t\t\t\t\t\t\t\t\t\t\t<\/a>\n\t\t\t\t\t\t\t\t\t\t<\/div>\n\t\t\t\t\t\t\t                \t\t\t\t\t\t        \t<\/div>\n\t\t\t\t\t\t        \t\n\t\t\t\t\t\t\t\t\t\t\t\t\t\t<\/div>\n\t\t\t\t\t\t\t\t\t\t\t\t\t\n\t\t\t\t\t\t<\/div>\n\t\t\t\t\t<\/div>\n\t\t\t\t\t<\/div>\n\n\t\t\t\t\t\t   \t \n\t\t\t\t<\/div>\n\t\t\t\t\t\n\t\t\t\t\t\t<\/div>\n\t\t\t\t<\/div>\n\n\t<\/section> \n\n\n\n\n<div style=\"height:113px\" aria-hidden=\"true\" class=\"wp-block-spacer\"><\/div>\n\n\n\n\t\n\n\n\n<h2 class=\"wp-block-heading has-text-align-center\" id=\"new-arrivals\">NOUVEAUT\u00c9S<\/h2>\n\n\n\n<div style=\"height:20px\" aria-hidden=\"true\" class=\"wp-block-spacer\"><\/div>\n\n\n<div data-block-name=\"woocommerce\/product-new\" data-categories=\"[45]\" data-rows=\"1\" data-stock-status=\"[&quot;&quot;,&quot;instock&quot;,&quot;outofstock&quot;,&quot;onbackorder&quot;]\" class=\"wc-block-grid wp-block-product-new wp-block-woocommerce-product-new wc-block-product-new has-3-columns alignwide\"><ul class=\"wc-block-grid__products\"><li class=\"wc-block-grid__product\">\n\t\t\t\t<a href=\"https:\/\/iconetorrefacteur.com\/index.php\/produit\/el-salvador-cruz-corda\/\" class=\"wc-block-grid__product-link\">\n\t\t\t\t\t\n\t\t\t\t\t<div class=\"wc-block-grid__product-image\"><img decoding=\"async\" width=\"600\" height=\"902\" src=\"https:\/\/iconetorrefacteur.com\/wp-content\/uploads\/2024\/12\/e58587e6-9f56-4538-91cb-d4689e2c10d8-600x902.jpg\" class=\"attachment-woocommerce_thumbnail size-woocommerce_thumbnail\" alt=\"El Salvador CRUZ CORDA\" srcset=\"https:\/\/iconetorrefacteur.com\/wp-content\/uploads\/2024\/12\/e58587e6-9f56-4538-91cb-d4689e2c10d8-600x902.jpg 600w, https:\/\/iconetorrefacteur.com\/wp-content\/uploads\/2024\/12\/e58587e6-9f56-4538-91cb-d4689e2c10d8-199x300.jpg 199w, https:\/\/iconetorrefacteur.com\/wp-content\/uploads\/2024\/12\/e58587e6-9f56-4538-91cb-d4689e2c10d8-681x1024.jpg 681w, https:\/\/iconetorrefacteur.com\/wp-content\/uploads\/2024\/12\/e58587e6-9f56-4538-91cb-d4689e2c10d8-768x1155.jpg 768w, https:\/\/iconetorrefacteur.com\/wp-content\/uploads\/2024\/12\/e58587e6-9f56-4538-91cb-d4689e2c10d8-800x1203.jpg 800w, https:\/\/iconetorrefacteur.com\/wp-content\/uploads\/2024\/12\/e58587e6-9f56-4538-91cb-d4689e2c10d8-560x842.jpg 560w, https:\/\/iconetorrefacteur.com\/wp-content\/uploads\/2024\/12\/e58587e6-9f56-4538-91cb-d4689e2c10d8.jpg 851w\" sizes=\"(max-width: 600px) 100vw, 600px\" \/><\/div>\n\t\t\t\t\t<div class=\"wc-block-grid__product-title\">El Salvador CRUZ CORDA<\/div>\n\t\t\t\t<\/a>\n\t\t\t\t<div class=\"wc-block-grid__product-price price\"><span class=\"woocommerce-Price-amount amount\" aria-hidden=\"true\">11,90&nbsp;<span class=\"woocommerce-Price-currencySymbol\">&euro;<\/span><\/span> <span aria-hidden=\"true\">&ndash;<\/span> <span class=\"woocommerce-Price-amount amount\" aria-hidden=\"true\">45,20&nbsp;<span class=\"woocommerce-Price-currencySymbol\">&euro;<\/span><\/span><span class=\"screen-reader-text\">Price range: 11,90&nbsp;&euro; through 45,20&nbsp;&euro;<\/span><\/div>\n\t\t\t\t\n\t\t\t\t<div class=\"wp-block-button wc-block-grid__product-add-to-cart\"><a href=\"https:\/\/iconetorrefacteur.com\/index.php\/produit\/el-salvador-cruz-corda\/\" aria-label=\"Select options for &ldquo;El Salvador CRUZ CORDA&rdquo;\" data-quantity=\"1\" data-product_id=\"4407\" data-product_sku=\"\" data-price=\"11.9\" rel=\"nofollow\" class=\"wp-block-button__link  add_to_cart_button\">Select options<\/a><\/div>\n\t\t\t<\/li><li class=\"wc-block-grid__product\">\n\t\t\t\t<a href=\"https:\/\/iconetorrefacteur.com\/index.php\/produit\/colombia-dark-roast\/\" class=\"wc-block-grid__product-link\">\n\t\t\t\t\t\n\t\t\t\t\t<div class=\"wc-block-grid__product-image\"><img decoding=\"async\" width=\"600\" height=\"902\" src=\"https:\/\/iconetorrefacteur.com\/wp-content\/uploads\/2024\/12\/e58587e6-9f56-4538-91cb-d4689e2c10d8-600x902.jpg\" class=\"attachment-woocommerce_thumbnail size-woocommerce_thumbnail\" alt=\"Br\u00e9sil CERRADO GRANDE\" srcset=\"https:\/\/iconetorrefacteur.com\/wp-content\/uploads\/2024\/12\/e58587e6-9f56-4538-91cb-d4689e2c10d8-600x902.jpg 600w, https:\/\/iconetorrefacteur.com\/wp-content\/uploads\/2024\/12\/e58587e6-9f56-4538-91cb-d4689e2c10d8-199x300.jpg 199w, https:\/\/iconetorrefacteur.com\/wp-content\/uploads\/2024\/12\/e58587e6-9f56-4538-91cb-d4689e2c10d8-681x1024.jpg 681w, https:\/\/iconetorrefacteur.com\/wp-content\/uploads\/2024\/12\/e58587e6-9f56-4538-91cb-d4689e2c10d8-768x1155.jpg 768w, https:\/\/iconetorrefacteur.com\/wp-content\/uploads\/2024\/12\/e58587e6-9f56-4538-91cb-d4689e2c10d8-800x1203.jpg 800w, https:\/\/iconetorrefacteur.com\/wp-content\/uploads\/2024\/12\/e58587e6-9f56-4538-91cb-d4689e2c10d8-560x842.jpg 560w, https:\/\/iconetorrefacteur.com\/wp-content\/uploads\/2024\/12\/e58587e6-9f56-4538-91cb-d4689e2c10d8.jpg 851w\" sizes=\"(max-width: 600px) 100vw, 600px\" \/><\/div>\n\t\t\t\t\t<div class=\"wc-block-grid__product-title\">Br\u00e9sil CERRADO GRANDE<\/div>\n\t\t\t\t<\/a>\n\t\t\t\t<div class=\"wc-block-grid__product-price price\"><span class=\"woocommerce-Price-amount amount\" aria-hidden=\"true\">9,50&nbsp;<span class=\"woocommerce-Price-currencySymbol\">&euro;<\/span><\/span> <span aria-hidden=\"true\">&ndash;<\/span> <span class=\"woocommerce-Price-amount amount\" aria-hidden=\"true\">36,10&nbsp;<span class=\"woocommerce-Price-currencySymbol\">&euro;<\/span><\/span><span class=\"screen-reader-text\">Price range: 9,50&nbsp;&euro; through 36,10&nbsp;&euro;<\/span><\/div>\n\t\t\t\t\n\t\t\t\t<div class=\"wp-block-button wc-block-grid__product-add-to-cart\"><a href=\"https:\/\/iconetorrefacteur.com\/index.php\/produit\/colombia-dark-roast\/\" aria-label=\"Select options for &ldquo;Br\u00e9sil CERRADO GRANDE&rdquo;\" data-quantity=\"1\" data-product_id=\"405\" data-product_sku=\"\" data-price=\"9.5\" rel=\"nofollow\" class=\"wp-block-button__link  add_to_cart_button\">Select options<\/a><\/div>\n\t\t\t<\/li><li class=\"wc-block-grid__product\">\n\t\t\t\t<a href=\"https:\/\/iconetorrefacteur.com\/index.php\/produit\/swiss-water-decaf\/\" class=\"wc-block-grid__product-link\">\n\t\t\t\t\t\n\t\t\t\t\t<div class=\"wc-block-grid__product-image\"><img loading=\"lazy\" decoding=\"async\" width=\"600\" height=\"902\" src=\"https:\/\/iconetorrefacteur.com\/wp-content\/uploads\/2024\/12\/e58587e6-9f56-4538-91cb-d4689e2c10d8-600x902.jpg\" class=\"attachment-woocommerce_thumbnail size-woocommerce_thumbnail\" alt=\"P\u00e9rou D\u00c9CAF\u00c9IN\u00c9\" srcset=\"https:\/\/iconetorrefacteur.com\/wp-content\/uploads\/2024\/12\/e58587e6-9f56-4538-91cb-d4689e2c10d8-600x902.jpg 600w, https:\/\/iconetorrefacteur.com\/wp-content\/uploads\/2024\/12\/e58587e6-9f56-4538-91cb-d4689e2c10d8-199x300.jpg 199w, https:\/\/iconetorrefacteur.com\/wp-content\/uploads\/2024\/12\/e58587e6-9f56-4538-91cb-d4689e2c10d8-681x1024.jpg 681w, https:\/\/iconetorrefacteur.com\/wp-content\/uploads\/2024\/12\/e58587e6-9f56-4538-91cb-d4689e2c10d8-768x1155.jpg 768w, https:\/\/iconetorrefacteur.com\/wp-content\/uploads\/2024\/12\/e58587e6-9f56-4538-91cb-d4689e2c10d8-800x1203.jpg 800w, https:\/\/iconetorrefacteur.com\/wp-content\/uploads\/2024\/12\/e58587e6-9f56-4538-91cb-d4689e2c10d8-560x842.jpg 560w, https:\/\/iconetorrefacteur.com\/wp-content\/uploads\/2024\/12\/e58587e6-9f56-4538-91cb-d4689e2c10d8.jpg 851w\" sizes=\"(max-width: 600px) 100vw, 600px\" \/><\/div>\n\t\t\t\t\t<div class=\"wc-block-grid__product-title\">P\u00e9rou D\u00c9CAF\u00c9IN\u00c9<\/div>\n\t\t\t\t<\/a>\n\t\t\t\t<div class=\"wc-block-grid__product-price price\"><span class=\"woocommerce-Price-amount amount\" aria-hidden=\"true\">10,50&nbsp;<span class=\"woocommerce-Price-currencySymbol\">&euro;<\/span><\/span> <span aria-hidden=\"true\">&ndash;<\/span> <span class=\"woocommerce-Price-amount amount\" aria-hidden=\"true\">39,90&nbsp;<span class=\"woocommerce-Price-currencySymbol\">&euro;<\/span><\/span><span class=\"screen-reader-text\">Price range: 10,50&nbsp;&euro; through 39,90&nbsp;&euro;<\/span><\/div>\n\t\t\t\t\n\t\t\t\t<div class=\"wp-block-button wc-block-grid__product-add-to-cart\"><a href=\"https:\/\/iconetorrefacteur.com\/index.php\/produit\/swiss-water-decaf\/\" aria-label=\"Select options for &ldquo;P\u00e9rou D\u00c9CAF\u00c9IN\u00c9&rdquo;\" data-quantity=\"1\" data-product_id=\"424\" data-product_sku=\"\" data-price=\"10.5\" rel=\"nofollow\" class=\"wp-block-button__link  add_to_cart_button\">Select options<\/a><\/div>\n\t\t\t<\/li><\/ul><\/div>\n\n\n<div class=\"wp-block-buttons is-content-justification-center is-layout-flex wp-container-core-buttons-is-layout-16018d1d wp-block-buttons-is-layout-flex\">\n<div class=\"wp-block-button is-style-fill\"><a class=\"wp-block-button__link has-white-color has-text-color has-link-color wp-element-button\" href=\"https:\/\/www.amayatheme.redsun.design\/roastery\/shop\/\"> TOUS NOS CAF\u00c9S<\/a><\/div>\n<\/div>\n\n\n\n<div style=\"height:60px\" aria-hidden=\"true\" class=\"wp-block-spacer\"><\/div>\n\n\n\n\t<section id=\"contentboxes-mb-block-7a45fd72-3aea-4270-a11e-883cfb35f4a1\" class=\"section section-contentboxes  alignfull \">\n\n\t\t<div class=\"contentboxes-wrap none\">\n\t\t\t\t\t<div class=\"contentboxes-masonry \">\n\n\t\t\t\t<div class=\"grid-sizer-contentboxes\"><\/div>\n\n\t\t\t\t\n\t\t\t\t<div class=\"content-box- contentboxes-image-wrap bg-color quarter-width square content-dark no-vertical-text has-content  \"  data-aos=\"fade-up\" data-aos-delay=\"100\"  >\n\n\t\t\t\t\t<div class=\"contentboxes-image-wrap-inner\">\n\n\t\t\t\t\t\n\t\t\t\t\t\t<div class=\"contentboxes-zoom-wrap \">\n\t\t\t\t\t\t\n\t\t\t\t\t\t\n\t\t\t\t\t\t\n\t\t\t\t\t\t\t<div class=\"contentboxes-content-wrap centered-content contentboxes-content-center contentboxes-content-middle\"  style=\"background-color: #fafafb\"  >\n\n\t\t\t\t\t\t\t\t\t\t\t\t\t\t\t\t<div class=\"contentboxes-content section-content\">\n\t\t\t\t\t\t\t\t\t\t\t\t\t\t\t\t\t\t\t\t\t\t\t\t\t\t\t\t\t\t\t\t\t\t                \t<span class=\"contentboxes-content-item contentboxes-title contentboxes-title-bodyfont\"  data-aos=\"slide-up\"  >\n\t\t\t\t\t\t\t                \t\t<i class=\"pe-7s-box2 pe-3x\"><\/i>\r\nLIVRAISON GRATUITE\t\t\t\t\t\t\t                \t<\/span>\n\t\t\t\t\t\t\t                \t\t\t\t\t\t\t                \t\t\t\t\t\t\t                \t\t\t\t\t\t\t                \t<div class=\"contentboxes-content-item contentboxes-text\"  data-aos=\"fade-right\" data-aos-delay=\"340\"  >D\u00c8S 1,5 KG DE CAF\u00c9  EN FRANCE <\/div>\n\t\t\t\t\t\t\t                \t\t\t\t\t\t\t                \t\t\t\t\t\t        \t<\/div>\n\t\t\t\t\t\t        \t\n\t\t\t\t\t\t\t\t\t\t\t\t\t\n\t\t\t\t\t\t<\/div>\n\t\t\t\t\t<\/div>\n\t\t\t\t\t<\/div>\n\n\t\t\t\t\t\t   \t \n\t\t\t\t<\/div>\n\t\t\t\t\t\n\t\t\t\n\t\t\t\t<div class=\"content-box- contentboxes-image-wrap bg-color quarter-width square  no-vertical-text has-content  \"  data-aos=\"fade-up\" data-aos-delay=\"200\"  >\n\n\t\t\t\t\t<div class=\"contentboxes-image-wrap-inner\">\n\n\t\t\t\t\t\n\t\t\t\t\t\t<div class=\"contentboxes-zoom-wrap \">\n\t\t\t\t\t\t\n\t\t\t\t\t\t\n\t\t\t\t\t\t\n\t\t\t\t\t\t\t<div class=\"contentboxes-content-wrap centered-content contentboxes-content-center contentboxes-content-middle\"  style=\"background-color: #f4f4f5\"  >\n\n\t\t\t\t\t\t\t\t\t\t\t\t\t\t\t\t<div class=\"contentboxes-content section-content\">\n\t\t\t\t\t\t\t\t\t\t\t\t\t\t\t\t\t\t\t\t\t\t\t\t\t\t\t\t\t\t\t\t\t\t                \t<span class=\"contentboxes-content-item contentboxes-title contentboxes-title-bodyfont\"  data-aos=\"slide-up\"  >\n\t\t\t\t\t\t\t                \t\t<i class=\"pe-7s-like pe-3x\"><\/i>\r\nLIVR\u00c9 AVEC SOIN SOUS 1 \u00c0 3 JOURS\t\t\t\t\t\t\t                \t<\/span>\n\t\t\t\t\t\t\t                \t\t\t\t\t\t\t                \t\t\t\t\t\t\t                \t\t\t\t\t\t\t                \t<div class=\"contentboxes-content-item contentboxes-text\"  data-aos=\"fade-right\" data-aos-delay=\"340\"  >EMBALL\u00c9 AVEC AMOUR<\/div>\n\t\t\t\t\t\t\t                \t\t\t\t\t\t\t                \t\t\t\t\t\t        \t<\/div>\n\t\t\t\t\t\t        \t\n\t\t\t\t\t\t\t\t\t\t\t\t\t\n\t\t\t\t\t\t<\/div>\n\t\t\t\t\t<\/div>\n\t\t\t\t\t<\/div>\n\n\t\t\t\t\t\t   \t \n\t\t\t\t<\/div>\n\t\t\t\t\t\n\t\t\t\n\t\t\t\t<div class=\"content-box- contentboxes-image-wrap bg-none quarter-width square  no-vertical-text has-content  \"  data-aos=\"fade-up\" data-aos-delay=\"300\"  >\n\n\t\t\t\t\t<div class=\"contentboxes-image-wrap-inner\">\n\n\t\t\t\t\t\n\t\t\t\t\t\t<div class=\"contentboxes-zoom-wrap \">\n\t\t\t\t\t\t\n\t\t\t\t\t\t\n\t\t\t\t\t\t\n\t\t\t\t\t\t\t<div class=\"contentboxes-content-wrap centered-content contentboxes-content-center contentboxes-content-middle\"  >\n\n\t\t\t\t\t\t\t\t\t\t\t\t\t\t\t\t<div class=\"contentboxes-content section-content\">\n\t\t\t\t\t\t\t\t\t\t\t\t\t\t\t\t\t\t\t\t\t\t\t\t\t\t\t\t\t\t\t\t\t\t                \t<span class=\"contentboxes-content-item contentboxes-title contentboxes-title-bodyfont\"  data-aos=\"slide-up\"  >\n\t\t\t\t\t\t\t                \t\t<i class=\"pe-7s-leaf pe-3x\"><\/i>\r\nDU GRAIN \u00c0 LA TASSE\t\t\t\t\t\t\t                \t<\/span>\n\t\t\t\t\t\t\t                \t\t\t\t\t\t\t                \t\t\t\t\t\t\t                \t\t\t\t\t\t\t                \t<div class=\"contentboxes-content-item contentboxes-text\"  data-aos=\"fade-right\" data-aos-delay=\"340\"  >CAF\u00c9 DE SP\u00c9CIALIT\u00c9<br>\r\n100% ARABICA<br><\/div>\n\t\t\t\t\t\t\t                \t\t\t\t\t\t\t                \t\t\t\t\t\t        \t<\/div>\n\t\t\t\t\t\t        \t\n\t\t\t\t\t\t\t\t\t\t\t\t\t\n\t\t\t\t\t\t<\/div>\n\t\t\t\t\t<\/div>\n\t\t\t\t\t<\/div>\n\n\t\t\t\t\t\t   \t \n\t\t\t\t<\/div>\n\t\t\t\t\t\n\t\t\t\n\t\t\t\t<div class=\"content-box- contentboxes-image-wrap bg-color quarter-width square content-dark no-vertical-text has-content  \"  data-aos=\"fade-up\" data-aos-delay=\"400\"  >\n\n\t\t\t\t\t<div class=\"contentboxes-image-wrap-inner\">\n\n\t\t\t\t\t\n\t\t\t\t\t\t<div class=\"contentboxes-zoom-wrap \">\n\t\t\t\t\t\t\n\t\t\t\t\t\t\n\t\t\t\t\t\t\n\t\t\t\t\t\t\t<div class=\"contentboxes-content-wrap centered-content contentboxes-content-center contentboxes-content-middle\"  style=\"background-color: #f6f7f6\"  >\n\n\t\t\t\t\t\t\t\t\t\t\t\t\t\t\t\t<div class=\"contentboxes-content section-content\">\n\t\t\t\t\t\t\t\t\t\t\t\t\t\t\t\t\t\t\t\t\t\t\t\t\t\t\t\t\t\t\t\t\t\t                \t<span class=\"contentboxes-content-item contentboxes-title contentboxes-title-bodyfont\"  data-aos=\"slide-up\"  >\n\t\t\t\t\t\t\t                \t\t<i class=\"pe-7s-help2 pe-3x\"><\/i>\r\nTORR\u00c9FACTION ARTISANALE\t\t\t\t\t\t\t                \t<\/span>\n\t\t\t\t\t\t\t                \t\t\t\t\t\t\t                \t\t\t\t\t\t\t                \t\t\t\t\t\t\t                \t<div class=\"contentboxes-content-item contentboxes-text\"  data-aos=\"fade-right\" data-aos-delay=\"340\"  >????????????<\/div>\n\t\t\t\t\t\t\t                \t\t\t\t\t\t\t                \t\t\t\t\t\t        \t<\/div>\n\t\t\t\t\t\t        \t\n\t\t\t\t\t\t\t\t\t\t\t\t\t\n\t\t\t\t\t\t<\/div>\n\t\t\t\t\t<\/div>\n\t\t\t\t\t<\/div>\n\n\t\t\t\t\t\t   \t \n\t\t\t\t<\/div>\n\t\t\t\t\t\n\t\t\t\t\t\t<\/div>\n\t\t\t\t<\/div>\n\n\t<\/section> \n\n\n\n\n<div id=\"trustindex-feed-container-instagram-6469e20e73d257a\"><\/div>\n\n\n\n<p><\/p>\n","protected":false},"excerpt":{"rendered":"CHEZ ICONE, CHAQUE GRAIN COMPTE !S\u00c9LECTIONN\u00c9S AVEC SOIN DIRECTEMENT AUPR\u00c8S DES PRODUCTEURS ET IMPORTATEURS, NOS CAF\u00c9S SONT TRA\u00c7ABLES JUSQU\u2019\u00c0 LA PARCELLE ET ISSUS ...","protected":false},"author":1,"featured_media":0,"parent":0,"menu_order":10,"comment_status":"closed","ping_status":"closed","template":"","meta":{"om_disable_all_campaigns":false,"_monsterinsights_skip_tracking":false,"_monsterinsights_sitenote_active":false,"_monsterinsights_sitenote_note":"","_monsterinsights_sitenote_category":0,"footnotes":""},"class_list":["post-1977","page","type-page","status-publish","hentry"],"aioseo_notices":[],"jetpack_sharing_enabled":true,"_links":{"self":[{"href":"https:\/\/iconetorrefacteur.com\/index.php\/wp-json\/wp\/v2\/pages\/1977","targetHints":{"allow":["GET"]}}],"collection":[{"href":"https:\/\/iconetorrefacteur.com\/index.php\/wp-json\/wp\/v2\/pages"}],"about":[{"href":"https:\/\/iconetorrefacteur.com\/index.php\/wp-json\/wp\/v2\/types\/page"}],"author":[{"embeddable":true,"href":"https:\/\/iconetorrefacteur.com\/index.php\/wp-json\/wp\/v2\/users\/1"}],"replies":[{"embeddable":true,"href":"https:\/\/iconetorrefacteur.com\/index.php\/wp-json\/wp\/v2\/comments?post=1977"}],"version-history":[{"count":49,"href":"https:\/\/iconetorrefacteur.com\/index.php\/wp-json\/wp\/v2\/pages\/1977\/revisions"}],"predecessor-version":[{"id":5038,"href":"https:\/\/iconetorrefacteur.com\/index.php\/wp-json\/wp\/v2\/pages\/1977\/revisions\/5038"}],"wp:attachment":[{"href":"https:\/\/iconetorrefacteur.com\/index.php\/wp-json\/wp\/v2\/media?parent=1977"}],"curies":[{"name":"wp","href":"https:\/\/api.w.org\/{rel}","templated":true}]}}